{"id":3976,"date":"2014-04-10T22:53:27","date_gmt":"2014-04-10T20:53:27","guid":{"rendered":"https:\/\/etadestek.biz\/?page_id=3976"},"modified":"2014-04-10T22:53:27","modified_gmt":"2014-04-10T20:53:27","slug":"uretim","status":"publish","type":"page","link":"https:\/\/etadestek.biz\/index.php\/etav8sql-etasql-teknik-notlar-2\/uretim\/","title":{"rendered":"\u00dcRET\u0130M"},"content":{"rendered":"<table width=\"663\" border=\"0\" cellspacing=\"0\" cellpadding=\"0\">\n<tbody>\n<tr>\n<td width=\"454\" height=\"48\"><a id=\"URETIM\" name=\"URETIM\"><\/a><strong>\u00dcRET\u0130M<\/strong><\/td>\n<td align=\"right\" width=\"170\" height=\"48\">\n<div align=\"left\"><strong><em><a href=\"http:\/\/www.eta.com.tr\/sql_v8sql_teknik.asp#MENU\"><img alt=\"\" src=\"http:\/\/www.eta.com.tr\/images\/back-menubutton.png\" \/><\/a><\/em><\/strong><\/div>\n<\/td>\n<\/tr>\n<\/tbody>\n<\/table>\n<table width=\"663\" border=\"0\" cellspacing=\"0\" cellpadding=\"0\">\n<tbody>\n<tr>\n<td width=\"39\"><\/td>\n<td width=\"336\" height=\"60\"><strong>\u00dcretim Tasar\u0131m\/Maliyet Listesi<\/strong><\/td>\n<td align=\"right\" width=\"117\"><\/td>\n<td align=\"right\" width=\"126\"><a href=\"http:\/\/www.eta.com.tr\/tekniknotlarimiz\/Uretim\/Uretim_Tasarim_Maliyet_Listesi.pdf\"><img loading=\"lazy\" alt=\"\" src=\"http:\/\/www.eta.com.tr\/images\/dosyaindir.png\" width=\"113\" height=\"37\" \/><\/a><\/td>\n<td width=\"45\"><\/td>\n<\/tr>\n<tr>\n<td width=\"39\"><\/td>\n<td width=\"336\" height=\"60\"><strong>\u00dcretim &#8211; Muhasebe Entegrasyonu<\/strong><\/td>\n<td align=\"right\" width=\"117\"><\/td>\n<td align=\"right\" width=\"126\"><a href=\"http:\/\/www.eta.com.tr\/tekniknotlarimiz\/Uretim\/Uretim_Muhasebe_Entegrasyonu.pdf\"><img loading=\"lazy\" alt=\"\" src=\"http:\/\/www.eta.com.tr\/images\/dosyaindir.png\" width=\"113\" height=\"37\" \/><\/a><\/td>\n<td width=\"45\"><\/td>\n<\/tr>\n<tr>\n<td width=\"39\"><\/td>\n<td width=\"336\" height=\"60\"><strong>\u00dcretimde Fire Takibi<\/strong><\/td>\n<td align=\"right\" width=\"117\"><\/td>\n<td align=\"right\" width=\"126\"><a href=\"http:\/\/www.eta.com.tr\/tekniknotlarimiz\/Uretim\/Uretimde%20_Fire_Takibi.pdf\"><img loading=\"lazy\" alt=\"\" src=\"http:\/\/www.eta.com.tr\/images\/dosyaindir.png\" width=\"113\" height=\"37\" \/><\/a><\/td>\n<td width=\"45\"><\/td>\n<\/tr>\n<tr>\n<td width=\"39\"><\/td>\n<td width=\"336\" height=\"60\"><strong>\u00dcretimde Hurda Takibi<\/strong><\/td>\n<td align=\"right\" width=\"117\"><\/td>\n<td align=\"right\" width=\"126\"><a href=\"http:\/\/www.eta.com.tr\/tekniknotlarimiz\/Uretim\/Uretimde%20_Hurda_Takibi.pdf\"><img loading=\"lazy\" alt=\"\" src=\"http:\/\/www.eta.com.tr\/images\/dosyaindir.png\" width=\"113\" height=\"37\" \/><\/a><\/td>\n<td width=\"45\"><\/td>\n<\/tr>\n<\/tbody>\n<\/table>\n","protected":false},"excerpt":{"rendered":"<p>\u00dcRET\u0130M \u00dcretim Tasar\u0131m\/Maliyet Listesi \u00dcretim &#8211; Muhasebe Entegrasyonu \u00dcretimde Fire Takibi \u00dcretimde Hurda Takibi<\/p>\n","protected":false},"author":1,"featured_media":0,"parent":3937,"menu_order":0,"comment_status":"open","ping_status":"open","template":"","meta":[],"yoast_head":"<!-- This site is optimized with the Yoast SEO plugin v18.6 - https:\/\/yoast.com\/wordpress\/plugins\/seo\/ -->\n<title>\u00dcRET\u0130M  - etadestek.biz ETA DESTEK , ETA B\u0130LG\u0130SAYAR PROGRAMLARI, ETA YAZILIM PROGRAMLARI, ETA MUHASEBE<\/title>\n<meta name=\"robots\" content=\"index, follow, max-snippet:-1, max-image-preview:large, max-video-preview:-1\" \/>\n<link rel=\"canonical\" href=\"https:\/\/etadestek.biz\/index.php\/etav8sql-etasql-teknik-notlar-2\/uretim\/\" \/>\n<meta property=\"og:locale\" content=\"tr_TR\" \/>\n<meta property=\"og:type\" content=\"article\" \/>\n<meta property=\"og:title\" content=\"\u00dcRET\u0130M  - etadestek.biz ETA DESTEK , ETA B\u0130LG\u0130SAYAR PROGRAMLARI, ETA YAZILIM PROGRAMLARI, ETA MUHASEBE\" \/>\n<meta property=\"og:description\" content=\"\u00dcRET\u0130M \u00dcretim Tasar\u0131m\/Maliyet Listesi \u00dcretim &#8211; Muhasebe Entegrasyonu \u00dcretimde Fire Takibi \u00dcretimde Hurda Takibi\" \/>\n<meta property=\"og:url\" content=\"https:\/\/etadestek.biz\/index.php\/etav8sql-etasql-teknik-notlar-2\/uretim\/\" \/>\n<meta property=\"og:site_name\" content=\"etadestek.biz ETA DESTEK , ETA B\u0130LG\u0130SAYAR PROGRAMLARI, ETA YAZILIM PROGRAMLARI, ETA MUHASEBE\" \/>\n<meta property=\"og:image\" content=\"http:\/\/www.eta.com.tr\/images\/back-menubutton.png\" \/>\n<meta name=\"twitter:card\" content=\"summary_large_image\" \/>\n<script type=\"application\/ld+json\" class=\"yoast-schema-graph\">{\"@context\":\"https:\/\/schema.org\",\"@graph\":[{\"@type\":\"WebSite\",\"@id\":\"https:\/\/etadestek.biz\/#website\",\"url\":\"https:\/\/etadestek.biz\/\",\"name\":\"etadestek.biz ETA DESTEK , ETA B\u0130LG\u0130SAYAR PROGRAMLARI, ETA YAZILIM PROGRAMLARI, ETA MUHASEBE\",\"description\":\"ETA Destek - ETA Yaz\u0131l\u0131m \u00dcr\u00fcnleri Destek Platformu\",\"potentialAction\":[{\"@type\":\"SearchAction\",\"target\":{\"@type\":\"EntryPoint\",\"urlTemplate\":\"https:\/\/etadestek.biz\/?s={search_term_string}\"},\"query-input\":\"required name=search_term_string\"}],\"inLanguage\":\"tr\"},{\"@type\":\"ImageObject\",\"@id\":\"https:\/\/etadestek.biz\/index.php\/etav8sql-etasql-teknik-notlar-2\/uretim\/#primaryimage\",\"inLanguage\":\"tr\",\"url\":\"http:\/\/www.eta.com.tr\/images\/back-menubutton.png\",\"contentUrl\":\"http:\/\/www.eta.com.tr\/images\/back-menubutton.png\"},{\"@type\":\"WebPage\",\"@id\":\"https:\/\/etadestek.biz\/index.php\/etav8sql-etasql-teknik-notlar-2\/uretim\/#webpage\",\"url\":\"https:\/\/etadestek.biz\/index.php\/etav8sql-etasql-teknik-notlar-2\/uretim\/\",\"name\":\"\u00dcRET\u0130M - etadestek.biz ETA DESTEK , ETA B\u0130LG\u0130SAYAR PROGRAMLARI, ETA YAZILIM PROGRAMLARI, ETA MUHASEBE\",\"isPartOf\":{\"@id\":\"https:\/\/etadestek.biz\/#website\"},\"primaryImageOfPage\":{\"@id\":\"https:\/\/etadestek.biz\/index.php\/etav8sql-etasql-teknik-notlar-2\/uretim\/#primaryimage\"},\"datePublished\":\"2014-04-10T20:53:27+00:00\",\"dateModified\":\"2014-04-10T20:53:27+00:00\",\"breadcrumb\":{\"@id\":\"https:\/\/etadestek.biz\/index.php\/etav8sql-etasql-teknik-notlar-2\/uretim\/#breadcrumb\"},\"inLanguage\":\"tr\",\"potentialAction\":[{\"@type\":\"ReadAction\",\"target\":[\"https:\/\/etadestek.biz\/index.php\/etav8sql-etasql-teknik-notlar-2\/uretim\/\"]}]},{\"@type\":\"BreadcrumbList\",\"@id\":\"https:\/\/etadestek.biz\/index.php\/etav8sql-etasql-teknik-notlar-2\/uretim\/#breadcrumb\",\"itemListElement\":[{\"@type\":\"ListItem\",\"position\":1,\"name\":\"Anasayfa\",\"item\":\"https:\/\/etadestek.biz\/\"},{\"@type\":\"ListItem\",\"position\":2,\"name\":\"ETAV8SQL \/ ETASQL TEKN\u0130K NOTLAR\",\"item\":\"https:\/\/etadestek.biz\/index.php\/etav8sql-etasql-teknik-notlar-2\/\"},{\"@type\":\"ListItem\",\"position\":3,\"name\":\"\u00dcRET\u0130M\"}]}]}<\/script>\n<!-- \/ Yoast SEO plugin. -->","yoast_head_json":{"title":"\u00dcRET\u0130M  - etadestek.biz ETA DESTEK , ETA B\u0130LG\u0130SAYAR PROGRAMLARI, ETA YAZILIM PROGRAMLARI, ETA MUHASEBE","robots":{"index":"index","follow":"follow","max-snippet":"max-snippet:-1","max-image-preview":"max-image-preview:large","max-video-preview":"max-video-preview:-1"},"canonical":"https:\/\/etadestek.biz\/index.php\/etav8sql-etasql-teknik-notlar-2\/uretim\/","og_locale":"tr_TR","og_type":"article","og_title":"\u00dcRET\u0130M  - etadestek.biz ETA DESTEK , ETA B\u0130LG\u0130SAYAR PROGRAMLARI, ETA YAZILIM PROGRAMLARI, ETA MUHASEBE","og_description":"\u00dcRET\u0130M \u00dcretim Tasar\u0131m\/Maliyet Listesi \u00dcretim &#8211; Muhasebe Entegrasyonu \u00dcretimde Fire Takibi \u00dcretimde Hurda Takibi","og_url":"https:\/\/etadestek.biz\/index.php\/etav8sql-etasql-teknik-notlar-2\/uretim\/","og_site_name":"etadestek.biz ETA DESTEK , ETA B\u0130LG\u0130SAYAR PROGRAMLARI, ETA YAZILIM PROGRAMLARI, ETA MUHASEBE","og_image":[{"url":"http:\/\/www.eta.com.tr\/images\/back-menubutton.png"}],"twitter_card":"summary_large_image","schema":{"@context":"https:\/\/schema.org","@graph":[{"@type":"WebSite","@id":"https:\/\/etadestek.biz\/#website","url":"https:\/\/etadestek.biz\/","name":"etadestek.biz ETA DESTEK , ETA B\u0130LG\u0130SAYAR PROGRAMLARI, ETA YAZILIM PROGRAMLARI, ETA MUHASEBE","description":"ETA Destek - ETA Yaz\u0131l\u0131m \u00dcr\u00fcnleri Destek Platformu","potentialAction":[{"@type":"SearchAction","target":{"@type":"EntryPoint","urlTemplate":"https:\/\/etadestek.biz\/?s={search_term_string}"},"query-input":"required name=search_term_string"}],"inLanguage":"tr"},{"@type":"ImageObject","@id":"https:\/\/etadestek.biz\/index.php\/etav8sql-etasql-teknik-notlar-2\/uretim\/#primaryimage","inLanguage":"tr","url":"http:\/\/www.eta.com.tr\/images\/back-menubutton.png","contentUrl":"http:\/\/www.eta.com.tr\/images\/back-menubutton.png"},{"@type":"WebPage","@id":"https:\/\/etadestek.biz\/index.php\/etav8sql-etasql-teknik-notlar-2\/uretim\/#webpage","url":"https:\/\/etadestek.biz\/index.php\/etav8sql-etasql-teknik-notlar-2\/uretim\/","name":"\u00dcRET\u0130M - etadestek.biz ETA DESTEK , ETA B\u0130LG\u0130SAYAR PROGRAMLARI, ETA YAZILIM PROGRAMLARI, ETA MUHASEBE","isPartOf":{"@id":"https:\/\/etadestek.biz\/#website"},"primaryImageOfPage":{"@id":"https:\/\/etadestek.biz\/index.php\/etav8sql-etasql-teknik-notlar-2\/uretim\/#primaryimage"},"datePublished":"2014-04-10T20:53:27+00:00","dateModified":"2014-04-10T20:53:27+00:00","breadcrumb":{"@id":"https:\/\/etadestek.biz\/index.php\/etav8sql-etasql-teknik-notlar-2\/uretim\/#breadcrumb"},"inLanguage":"tr","potentialAction":[{"@type":"ReadAction","target":["https:\/\/etadestek.biz\/index.php\/etav8sql-etasql-teknik-notlar-2\/uretim\/"]}]},{"@type":"BreadcrumbList","@id":"https:\/\/etadestek.biz\/index.php\/etav8sql-etasql-teknik-notlar-2\/uretim\/#breadcrumb","itemListElement":[{"@type":"ListItem","position":1,"name":"Anasayfa","item":"https:\/\/etadestek.biz\/"},{"@type":"ListItem","position":2,"name":"ETAV8SQL \/ ETASQL TEKN\u0130K NOTLAR","item":"https:\/\/etadestek.biz\/index.php\/etav8sql-etasql-teknik-notlar-2\/"},{"@type":"ListItem","position":3,"name":"\u00dcRET\u0130M"}]}]}},"amp_enabled":true,"_links":{"self":[{"href":"https:\/\/etadestek.biz\/index.php\/wp-json\/wp\/v2\/pages\/3976"}],"collection":[{"href":"https:\/\/etadestek.biz\/index.php\/wp-json\/wp\/v2\/pages"}],"about":[{"href":"https:\/\/etadestek.biz\/index.php\/wp-json\/wp\/v2\/types\/page"}],"author":[{"embeddable":true,"href":"https:\/\/etadestek.biz\/index.php\/wp-json\/wp\/v2\/users\/1"}],"replies":[{"embeddable":true,"href":"https:\/\/etadestek.biz\/index.php\/wp-json\/wp\/v2\/comments?post=3976"}],"version-history":[{"count":1,"href":"https:\/\/etadestek.biz\/index.php\/wp-json\/wp\/v2\/pages\/3976\/revisions"}],"predecessor-version":[{"id":3977,"href":"https:\/\/etadestek.biz\/index.php\/wp-json\/wp\/v2\/pages\/3976\/revisions\/3977"}],"up":[{"embeddable":true,"href":"https:\/\/etadestek.biz\/index.php\/wp-json\/wp\/v2\/pages\/3937"}],"wp:attachment":[{"href":"https:\/\/etadestek.biz\/index.php\/wp-json\/wp\/v2\/media?parent=3976"}],"curies":[{"name":"wp","href":"https:\/\/api.w.org\/{rel}","templated":true}]}}