{"id":8372,"date":"2018-03-15T22:50:28","date_gmt":"2018-03-15T20:50:28","guid":{"rendered":"https:\/\/etadestek.biz\/?page_id=8372"},"modified":"2018-03-15T22:50:28","modified_gmt":"2018-03-15T20:50:28","slug":"arnavutkoy-eta-servisi","status":"publish","type":"page","link":"https:\/\/etadestek.biz\/index.php\/arnavutkoy-eta-servisi\/","title":{"rendered":"Arnavutk\u00f6y ETA Servisi"},"content":{"rendered":"<h2>Egasis Bilgisayar Ve Teknoloji Hizmetleri<\/h2>\n<h2>ETA Destek Hatt\u0131<\/h2>\n<h2>+90 532 685 10 15<\/h2>\n<p>&nbsp;<\/p>\n<p>ETA ile ilgili sat\u0131\u015f, servis, destek, devir gibi her t\u00fcrl\u00fc konuda bize ula\u015fabilirsiniz.<\/p>\n","protected":false},"excerpt":{"rendered":"<p>Egasis Bilgisayar Ve Teknoloji Hizmetleri ETA Destek Hatt\u0131 +90 532 685 10 15 &nbsp; ETA ile ilgili sat\u0131\u015f, servis, destek, devir gibi her t\u00fcrl\u00fc konuda bize ula\u015fabilirsiniz.<\/p>\n","protected":false},"author":1,"featured_media":0,"parent":0,"menu_order":0,"comment_status":"open","ping_status":"open","template":"","meta":[],"yoast_head":"<!-- This site is optimized with the Yoast SEO plugin v18.6 - https:\/\/yoast.com\/wordpress\/plugins\/seo\/ -->\n<title>Arnavutk\u00f6y ETA Servisi - etadestek.biz ETA DESTEK , ETA B\u0130LG\u0130SAYAR PROGRAMLARI, ETA YAZILIM PROGRAMLARI, ETA MUHASEBE<\/title>\n<meta name=\"robots\" content=\"index, follow, max-snippet:-1, max-image-preview:large, max-video-preview:-1\" \/>\n<link rel=\"canonical\" href=\"https:\/\/etadestek.biz\/index.php\/arnavutkoy-eta-servisi\/\" \/>\n<meta property=\"og:locale\" content=\"tr_TR\" \/>\n<meta property=\"og:type\" content=\"article\" \/>\n<meta property=\"og:title\" content=\"Arnavutk\u00f6y ETA Servisi - etadestek.biz ETA DESTEK , ETA B\u0130LG\u0130SAYAR PROGRAMLARI, ETA YAZILIM PROGRAMLARI, ETA MUHASEBE\" \/>\n<meta property=\"og:description\" content=\"Egasis Bilgisayar Ve Teknoloji Hizmetleri ETA Destek Hatt\u0131 +90 532 685 10 15 &nbsp; ETA ile ilgili sat\u0131\u015f, servis, destek, devir gibi her t\u00fcrl\u00fc konuda bize ula\u015fabilirsiniz.\" \/>\n<meta property=\"og:url\" content=\"https:\/\/etadestek.biz\/index.php\/arnavutkoy-eta-servisi\/\" \/>\n<meta property=\"og:site_name\" content=\"etadestek.biz ETA DESTEK , ETA B\u0130LG\u0130SAYAR PROGRAMLARI, ETA YAZILIM PROGRAMLARI, ETA MUHASEBE\" \/>\n<meta name=\"twitter:card\" content=\"summary_large_image\" \/>\n<script type=\"application\/ld+json\" class=\"yoast-schema-graph\">{\"@context\":\"https:\/\/schema.org\",\"@graph\":[{\"@type\":\"WebSite\",\"@id\":\"https:\/\/etadestek.biz\/#website\",\"url\":\"https:\/\/etadestek.biz\/\",\"name\":\"etadestek.biz ETA DESTEK , ETA B\u0130LG\u0130SAYAR PROGRAMLARI, ETA YAZILIM PROGRAMLARI, ETA MUHASEBE\",\"description\":\"ETA Destek - ETA Yaz\u0131l\u0131m \u00dcr\u00fcnleri Destek Platformu\",\"potentialAction\":[{\"@type\":\"SearchAction\",\"target\":{\"@type\":\"EntryPoint\",\"urlTemplate\":\"https:\/\/etadestek.biz\/?s={search_term_string}\"},\"query-input\":\"required name=search_term_string\"}],\"inLanguage\":\"tr\"},{\"@type\":\"WebPage\",\"@id\":\"https:\/\/etadestek.biz\/index.php\/arnavutkoy-eta-servisi\/#webpage\",\"url\":\"https:\/\/etadestek.biz\/index.php\/arnavutkoy-eta-servisi\/\",\"name\":\"Arnavutk\u00f6y ETA Servisi - etadestek.biz ETA DESTEK , ETA B\u0130LG\u0130SAYAR PROGRAMLARI, ETA YAZILIM PROGRAMLARI, ETA MUHASEBE\",\"isPartOf\":{\"@id\":\"https:\/\/etadestek.biz\/#website\"},\"datePublished\":\"2018-03-15T20:50:28+00:00\",\"dateModified\":\"2018-03-15T20:50:28+00:00\",\"breadcrumb\":{\"@id\":\"https:\/\/etadestek.biz\/index.php\/arnavutkoy-eta-servisi\/#breadcrumb\"},\"inLanguage\":\"tr\",\"potentialAction\":[{\"@type\":\"ReadAction\",\"target\":[\"https:\/\/etadestek.biz\/index.php\/arnavutkoy-eta-servisi\/\"]}]},{\"@type\":\"BreadcrumbList\",\"@id\":\"https:\/\/etadestek.biz\/index.php\/arnavutkoy-eta-servisi\/#breadcrumb\",\"itemListElement\":[{\"@type\":\"ListItem\",\"position\":1,\"name\":\"Anasayfa\",\"item\":\"https:\/\/etadestek.biz\/\"},{\"@type\":\"ListItem\",\"position\":2,\"name\":\"Arnavutk\u00f6y ETA Servisi\"}]}]}<\/script>\n<!-- \/ Yoast SEO plugin. -->","yoast_head_json":{"title":"Arnavutk\u00f6y ETA Servisi - etadestek.biz ETA DESTEK , ETA B\u0130LG\u0130SAYAR PROGRAMLARI, ETA YAZILIM PROGRAMLARI, ETA MUHASEBE","robots":{"index":"index","follow":"follow","max-snippet":"max-snippet:-1","max-image-preview":"max-image-preview:large","max-video-preview":"max-video-preview:-1"},"canonical":"https:\/\/etadestek.biz\/index.php\/arnavutkoy-eta-servisi\/","og_locale":"tr_TR","og_type":"article","og_title":"Arnavutk\u00f6y ETA Servisi - etadestek.biz ETA DESTEK , ETA B\u0130LG\u0130SAYAR PROGRAMLARI, ETA YAZILIM PROGRAMLARI, ETA MUHASEBE","og_description":"Egasis Bilgisayar Ve Teknoloji Hizmetleri ETA Destek Hatt\u0131 +90 532 685 10 15 &nbsp; ETA ile ilgili sat\u0131\u015f, servis, destek, devir gibi her t\u00fcrl\u00fc konuda bize ula\u015fabilirsiniz.","og_url":"https:\/\/etadestek.biz\/index.php\/arnavutkoy-eta-servisi\/","og_site_name":"etadestek.biz ETA DESTEK , ETA B\u0130LG\u0130SAYAR PROGRAMLARI, ETA YAZILIM PROGRAMLARI, ETA MUHASEBE","twitter_card":"summary_large_image","schema":{"@context":"https:\/\/schema.org","@graph":[{"@type":"WebSite","@id":"https:\/\/etadestek.biz\/#website","url":"https:\/\/etadestek.biz\/","name":"etadestek.biz ETA DESTEK , ETA B\u0130LG\u0130SAYAR PROGRAMLARI, ETA YAZILIM PROGRAMLARI, ETA MUHASEBE","description":"ETA Destek - ETA Yaz\u0131l\u0131m \u00dcr\u00fcnleri Destek Platformu","potentialAction":[{"@type":"SearchAction","target":{"@type":"EntryPoint","urlTemplate":"https:\/\/etadestek.biz\/?s={search_term_string}"},"query-input":"required name=search_term_string"}],"inLanguage":"tr"},{"@type":"WebPage","@id":"https:\/\/etadestek.biz\/index.php\/arnavutkoy-eta-servisi\/#webpage","url":"https:\/\/etadestek.biz\/index.php\/arnavutkoy-eta-servisi\/","name":"Arnavutk\u00f6y ETA Servisi - etadestek.biz ETA DESTEK , ETA B\u0130LG\u0130SAYAR PROGRAMLARI, ETA YAZILIM PROGRAMLARI, ETA MUHASEBE","isPartOf":{"@id":"https:\/\/etadestek.biz\/#website"},"datePublished":"2018-03-15T20:50:28+00:00","dateModified":"2018-03-15T20:50:28+00:00","breadcrumb":{"@id":"https:\/\/etadestek.biz\/index.php\/arnavutkoy-eta-servisi\/#breadcrumb"},"inLanguage":"tr","potentialAction":[{"@type":"ReadAction","target":["https:\/\/etadestek.biz\/index.php\/arnavutkoy-eta-servisi\/"]}]},{"@type":"BreadcrumbList","@id":"https:\/\/etadestek.biz\/index.php\/arnavutkoy-eta-servisi\/#breadcrumb","itemListElement":[{"@type":"ListItem","position":1,"name":"Anasayfa","item":"https:\/\/etadestek.biz\/"},{"@type":"ListItem","position":2,"name":"Arnavutk\u00f6y ETA Servisi"}]}]}},"amp_enabled":true,"_links":{"self":[{"href":"https:\/\/etadestek.biz\/index.php\/wp-json\/wp\/v2\/pages\/8372"}],"collection":[{"href":"https:\/\/etadestek.biz\/index.php\/wp-json\/wp\/v2\/pages"}],"about":[{"href":"https:\/\/etadestek.biz\/index.php\/wp-json\/wp\/v2\/types\/page"}],"author":[{"embeddable":true,"href":"https:\/\/etadestek.biz\/index.php\/wp-json\/wp\/v2\/users\/1"}],"replies":[{"embeddable":true,"href":"https:\/\/etadestek.biz\/index.php\/wp-json\/wp\/v2\/comments?post=8372"}],"version-history":[{"count":1,"href":"https:\/\/etadestek.biz\/index.php\/wp-json\/wp\/v2\/pages\/8372\/revisions"}],"predecessor-version":[{"id":8373,"href":"https:\/\/etadestek.biz\/index.php\/wp-json\/wp\/v2\/pages\/8372\/revisions\/8373"}],"wp:attachment":[{"href":"https:\/\/etadestek.biz\/index.php\/wp-json\/wp\/v2\/media?parent=8372"}],"curies":[{"name":"wp","href":"https:\/\/api.w.org\/{rel}","templated":true}]}}